{"id":66,"date":"2024-05-29T17:39:36","date_gmt":"2024-05-29T17:39:36","guid":{"rendered":"http:\/\/www.grupogiron.com.mx\/www.grupogiron.com.mx\/?page_id=66"},"modified":"2024-05-29T21:52:45","modified_gmt":"2024-05-29T21:52:45","slug":"servicios","status":"publish","type":"page","link":"http:\/\/www.grupogiron.com.mx\/www.grupogiron.com.mx\/servicios\/","title":{"rendered":"Servicios"},"content":{"rendered":"\t\t<div data-elementor-type=\"wp-page\" data-elementor-id=\"66\" class=\"elementor elementor-66\">\n\t\t\t\t\t\t<section class=\"elementor-section elementor-top-section elementor-element elementor-element-37b93496 elementor-section-boxed elementor-section-height-default elementor-section-height-default\" data-id=\"37b93496\" data-element_type=\"section\" data-settings=\"{&quot;background_background&quot;:&quot;classic&quot;}\">\n\t\t\t\t\t\t\t<div class=\"elementor-background-overlay\"><\/div>\n\t\t\t\t\t\t\t<div class=\"elementor-container elementor-column-gap-default\">\n\t\t\t\t\t<div class=\"elementor-column elementor-col-100 elementor-top-column elementor-element elementor-element-48d136f4\" data-id=\"48d136f4\" data-element_type=\"column\">\n\t\t\t<div class=\"elementor-widget-wrap elementor-element-populated\">\n\t\t\t\t\t\t<div class=\"elementor-element elementor-element-3e5b7aa8 elementor-widget-divider--view-line elementor-invisible elementor-widget elementor-widget-divider\" data-id=\"3e5b7aa8\" data-element_type=\"widget\" data-settings=\"{&quot;_animation&quot;:&quot;fadeInUp&quot;}\" data-widget_type=\"divider.default\">\n\t\t\t\t<div class=\"elementor-widget-container\">\n\t\t\t\t\t\t\t<div class=\"elementor-divider\">\n\t\t\t<span class=\"elementor-divider-separator\">\n\t\t\t\t\t\t<\/span>\n\t\t<\/div>\n\t\t\t\t\t\t<\/div>\n\t\t\t\t<\/div>\n\t\t\t\t<div class=\"elementor-element elementor-element-4d463fae elementor-invisible elementor-widget elementor-widget-heading\" data-id=\"4d463fae\" data-element_type=\"widget\" data-settings=\"{&quot;_animation&quot;:&quot;fadeInLeft&quot;,&quot;_animation_delay&quot;:300}\" data-widget_type=\"heading.default\">\n\t\t\t\t<div class=\"elementor-widget-container\">\n\t\t\t\t\t<h1 class=\"elementor-heading-title elementor-size-default\">Servicios<\/h1>\t\t\t\t<\/div>\n\t\t\t\t<\/div>\n\t\t\t\t\t<\/div>\n\t\t<\/div>\n\t\t\t\t\t<\/div>\n\t\t<\/section>\n\t\t\t\t<section class=\"elementor-section elementor-top-section elementor-element elementor-element-725beffd elementor-section-boxed elementor-section-height-default elementor-section-height-default\" data-id=\"725beffd\" data-element_type=\"section\">\n\t\t\t\t\t\t<div class=\"elementor-container elementor-column-gap-default\">\n\t\t\t\t\t<div class=\"elementor-column elementor-col-100 elementor-top-column elementor-element elementor-element-24dde4ef\" data-id=\"24dde4ef\" data-element_type=\"column\">\n\t\t\t<div class=\"elementor-widget-wrap elementor-element-populated\">\n\t\t\t\t\t\t<div class=\"elementor-element elementor-element-c41ac77 elementor-invisible elementor-widget elementor-widget-heading\" data-id=\"c41ac77\" data-element_type=\"widget\" data-settings=\"{&quot;_animation&quot;:&quot;fadeInLeft&quot;}\" data-widget_type=\"heading.default\">\n\t\t\t\t<div class=\"elementor-widget-container\">\n\t\t\t\t\t<h2 class=\"elementor-heading-title elementor-size-default\">Servicios que est\u00e1n a tu disposici\u00f3n<\/h2>\t\t\t\t<\/div>\n\t\t\t\t<\/div>\n\t\t\t\t<div class=\"elementor-element elementor-element-3077cc3d elementor-invisible elementor-widget elementor-widget-heading\" data-id=\"3077cc3d\" data-element_type=\"widget\" data-settings=\"{&quot;_animation&quot;:&quot;fadeInUp&quot;,&quot;_animation_delay&quot;:200}\" data-widget_type=\"heading.default\">\n\t\t\t\t<div class=\"elementor-widget-container\">\n\t\t\t\t\t<p class=\"elementor-heading-title elementor-size-default\">M\u00e1s que asesoramiento legal<\/p>\t\t\t\t<\/div>\n\t\t\t\t<\/div>\n\t\t\t\t\t<\/div>\n\t\t<\/div>\n\t\t\t\t\t<\/div>\n\t\t<\/section>\n\t\t\t\t<section class=\"elementor-section elementor-top-section elementor-element elementor-element-67572dbc elementor-section-boxed elementor-section-height-default elementor-section-height-default\" data-id=\"67572dbc\" data-element_type=\"section\">\n\t\t\t\t\t\t<div class=\"elementor-container elementor-column-gap-default\">\n\t\t\t\t\t<div class=\"elementor-column elementor-col-25 elementor-top-column elementor-element elementor-element-2d0f02d6 elementor-invisible\" data-id=\"2d0f02d6\" data-element_type=\"column\" data-settings=\"{&quot;animation&quot;:&quot;fadeInLeft&quot;}\">\n\t\t\t<div class=\"elementor-widget-wrap elementor-element-populated\">\n\t\t\t\t\t\t<div class=\"elementor-element elementor-element-724fadf elementor-widget elementor-widget-image\" data-id=\"724fadf\" data-element_type=\"widget\" data-widget_type=\"image.default\">\n\t\t\t\t<div class=\"elementor-widget-container\">\n\t\t\t\t\t\t\t\t\t\t\t\t\t\t\t<img decoding=\"async\" src=\"http:\/\/www.grupogiron.com.mx\/www.grupogiron.com.mx\/wp-content\/uploads\/elementor\/thumbs\/rawpixel-558596-unsplash-copyright-min-qohx2ftkyq52i2v13yu1hrgl0wp5nkpfjmm3ei3zpk.jpg\" title=\"rawpixel-558596-unsplash-copyright-min.jpg\" alt=\"rawpixel-558596-unsplash-copyright-min.jpg\" loading=\"lazy\" \/>\t\t\t\t\t\t\t\t\t\t\t\t\t\t\t<\/div>\n\t\t\t\t<\/div>\n\t\t\t\t<div class=\"elementor-element elementor-element-498f8bcd elementor-widget elementor-widget-heading\" data-id=\"498f8bcd\" data-element_type=\"widget\" data-widget_type=\"heading.default\">\n\t\t\t\t<div class=\"elementor-widget-container\">\n\t\t\t\t\t<h4 class=\"elementor-heading-title elementor-size-default\">Fiscal<\/h4>\t\t\t\t<\/div>\n\t\t\t\t<\/div>\n\t\t\t\t<div class=\"elementor-element elementor-element-3b601d84 elementor-widget elementor-widget-text-editor\" data-id=\"3b601d84\" data-element_type=\"widget\" data-widget_type=\"text-editor.default\">\n\t\t\t\t<div class=\"elementor-widget-container\">\n\t\t\t\t\t\t\t\t\t<p>Ofrecemos asesor\u00eda integral y representaci\u00f3n en asuntos tributarios, asegurando el cumplimiento de obligaciones fiscales y optimizaci\u00f3n de recursos.<\/p>\t\t\t\t\t\t\t\t<\/div>\n\t\t\t\t<\/div>\n\t\t\t\t\t<\/div>\n\t\t<\/div>\n\t\t\t\t<div class=\"elementor-column elementor-col-25 elementor-top-column elementor-element elementor-element-8eb46cf elementor-invisible\" data-id=\"8eb46cf\" data-element_type=\"column\" data-settings=\"{&quot;animation&quot;:&quot;fadeInUp&quot;}\">\n\t\t\t<div class=\"elementor-widget-wrap elementor-element-populated\">\n\t\t\t\t\t\t<div class=\"elementor-element elementor-element-d6758b7 elementor-widget elementor-widget-image\" data-id=\"d6758b7\" data-element_type=\"widget\" data-widget_type=\"image.default\">\n\t\t\t\t<div class=\"elementor-widget-container\">\n\t\t\t\t\t\t\t\t\t\t\t\t\t\t\t<img decoding=\"async\" src=\"http:\/\/www.grupogiron.com.mx\/www.grupogiron.com.mx\/wp-content\/uploads\/elementor\/thumbs\/rawpixel-351764-unsplash-copyright-min-qohx2in3j88xgwqxni1x78qyt2b9ao0mk0kjubzt6w.jpg\" title=\"rawpixel-351764-unsplash-copyright-min.jpg\" alt=\"rawpixel-351764-unsplash-copyright-min.jpg\" loading=\"lazy\" \/>\t\t\t\t\t\t\t\t\t\t\t\t\t\t\t<\/div>\n\t\t\t\t<\/div>\n\t\t\t\t<div class=\"elementor-element elementor-element-2512a261 elementor-widget elementor-widget-heading\" data-id=\"2512a261\" data-element_type=\"widget\" data-widget_type=\"heading.default\">\n\t\t\t\t<div class=\"elementor-widget-container\">\n\t\t\t\t\t<h4 class=\"elementor-heading-title elementor-size-default\">Laboral<\/h4>\t\t\t\t<\/div>\n\t\t\t\t<\/div>\n\t\t\t\t<div class=\"elementor-element elementor-element-4bcb5866 elementor-widget elementor-widget-text-editor\" data-id=\"4bcb5866\" data-element_type=\"widget\" data-widget_type=\"text-editor.default\">\n\t\t\t\t<div class=\"elementor-widget-container\">\n\t\t\t\t\t\t\t\t\t<p>Brindamos soluciones legales para empleadores y empleados, incluyendo contratos, conflictos laborales y cumplimiento de normativas.<\/p>\t\t\t\t\t\t\t\t<\/div>\n\t\t\t\t<\/div>\n\t\t\t\t\t<\/div>\n\t\t<\/div>\n\t\t\t\t<div class=\"elementor-column elementor-col-25 elementor-top-column elementor-element elementor-element-4f24114d elementor-invisible\" data-id=\"4f24114d\" data-element_type=\"column\" data-settings=\"{&quot;animation&quot;:&quot;fadeInRight&quot;}\">\n\t\t\t<div class=\"elementor-widget-wrap elementor-element-populated\">\n\t\t\t\t\t\t<div class=\"elementor-element elementor-element-469c213b elementor-widget elementor-widget-image\" data-id=\"469c213b\" data-element_type=\"widget\" data-widget_type=\"image.default\">\n\t\t\t\t<div class=\"elementor-widget-container\">\n\t\t\t\t\t\t\t\t\t\t\t\t\t\t\t<img decoding=\"async\" src=\"http:\/\/www.grupogiron.com.mx\/www.grupogiron.com.mx\/wp-content\/uploads\/elementor\/thumbs\/rawpixel-648562-unsplash-copyright-min-qohx2lgm3qcsfqmu719swq1cl7xcxrbtkej0a5vmo8.jpg\" title=\"rawpixel-648562-unsplash-copyright-min.jpg\" alt=\"rawpixel-648562-unsplash-copyright-min.jpg\" loading=\"lazy\" \/>\t\t\t\t\t\t\t\t\t\t\t\t\t\t\t<\/div>\n\t\t\t\t<\/div>\n\t\t\t\t<div class=\"elementor-element elementor-element-3b5b31bd elementor-widget elementor-widget-heading\" data-id=\"3b5b31bd\" data-element_type=\"widget\" data-widget_type=\"heading.default\">\n\t\t\t\t<div class=\"elementor-widget-container\">\n\t\t\t\t\t<h4 class=\"elementor-heading-title elementor-size-default\">Contratos<\/h4>\t\t\t\t<\/div>\n\t\t\t\t<\/div>\n\t\t\t\t<div class=\"elementor-element elementor-element-61e7c5 elementor-widget elementor-widget-text-editor\" data-id=\"61e7c5\" data-element_type=\"widget\" data-widget_type=\"text-editor.default\">\n\t\t\t\t<div class=\"elementor-widget-container\">\n\t\t\t\t\t\t\t\t\t<p>Redactamos, revisamos y negociamos todo tipo de contratos, garantizando claridad y protecci\u00f3n legal para todas las partes involucradas.<\/p>\t\t\t\t\t\t\t\t<\/div>\n\t\t\t\t<\/div>\n\t\t\t\t\t<\/div>\n\t\t<\/div>\n\t\t\t\t<div class=\"elementor-column elementor-col-25 elementor-top-column elementor-element elementor-element-1da0dbe elementor-invisible\" data-id=\"1da0dbe\" data-element_type=\"column\" data-settings=\"{&quot;animation&quot;:&quot;fadeInRight&quot;}\">\n\t\t\t<div class=\"elementor-widget-wrap elementor-element-populated\">\n\t\t\t\t\t\t<div class=\"elementor-element elementor-element-121e318 elementor-widget elementor-widget-image\" data-id=\"121e318\" data-element_type=\"widget\" data-widget_type=\"image.default\">\n\t\t\t\t<div class=\"elementor-widget-container\">\n\t\t\t\t\t\t\t\t\t\t\t\t\t\t\t<img decoding=\"async\" src=\"http:\/\/www.grupogiron.com.mx\/www.grupogiron.com.mx\/wp-content\/uploads\/elementor\/thumbs\/rawpixel-633841-unsplash-copyright-qn6wcvnajp7q2w2gnvdyhn6i306e83td2ph26ou7ig.jpg\" title=\"rawpixel-633841-unsplash-copyright.jpg\" alt=\"rawpixel-633841-unsplash-copyright.jpg\" loading=\"lazy\" \/>\t\t\t\t\t\t\t\t\t\t\t\t\t\t\t<\/div>\n\t\t\t\t<\/div>\n\t\t\t\t<div class=\"elementor-element elementor-element-1242703 elementor-widget elementor-widget-heading\" data-id=\"1242703\" data-element_type=\"widget\" data-widget_type=\"heading.default\">\n\t\t\t\t<div class=\"elementor-widget-container\">\n\t\t\t\t\t<h4 class=\"elementor-heading-title elementor-size-default\">Administrativo<\/h4>\t\t\t\t<\/div>\n\t\t\t\t<\/div>\n\t\t\t\t<div class=\"elementor-element elementor-element-d516dda elementor-widget elementor-widget-text-editor\" data-id=\"d516dda\" data-element_type=\"widget\" data-widget_type=\"text-editor.default\">\n\t\t\t\t<div class=\"elementor-widget-container\">\n\t\t\t\t\t\t\t\t\t<p>Defendemos y gestionamos sus intereses en procedimientos administrativos, asegurando el cumplimiento de regulaciones y resolviendo disputas con autoridades.<\/p>\t\t\t\t\t\t\t\t<\/div>\n\t\t\t\t<\/div>\n\t\t\t\t\t<\/div>\n\t\t<\/div>\n\t\t\t\t\t<\/div>\n\t\t<\/section>\n\t\t\t\t<section class=\"elementor-section elementor-top-section elementor-element elementor-element-3572478d elementor-section-boxed elementor-section-height-default elementor-section-height-default\" data-id=\"3572478d\" data-element_type=\"section\" data-settings=\"{&quot;background_background&quot;:&quot;classic&quot;}\">\n\t\t\t\t\t\t<div class=\"elementor-container elementor-column-gap-default\">\n\t\t\t\t\t<div class=\"elementor-column elementor-col-100 elementor-top-column elementor-element elementor-element-40e83edc\" data-id=\"40e83edc\" data-element_type=\"column\">\n\t\t\t<div class=\"elementor-widget-wrap elementor-element-populated\">\n\t\t\t\t\t\t<div class=\"elementor-element elementor-element-4504ad1 elementor-invisible elementor-widget elementor-widget-text-editor\" data-id=\"4504ad1\" data-element_type=\"widget\" data-settings=\"{&quot;_animation&quot;:&quot;fadeInUp&quot;}\" data-widget_type=\"text-editor.default\">\n\t\t\t\t<div class=\"elementor-widget-container\">\n\t\t\t\t\t\t\t\t\t<p>\u00bfTe gustar\u00eda conocer mas? ll\u00e1manos<\/p>\t\t\t\t\t\t\t\t<\/div>\n\t\t\t\t<\/div>\n\t\t\t\t<div class=\"elementor-element elementor-element-9b13229 elementor-invisible elementor-widget elementor-widget-heading\" data-id=\"9b13229\" data-element_type=\"widget\" data-settings=\"{&quot;_animation&quot;:&quot;fadeInUp&quot;,&quot;_animation_delay&quot;:200}\" data-widget_type=\"heading.default\">\n\t\t\t\t<div class=\"elementor-widget-container\">\n\t\t\t\t\t<h4 class=\"elementor-heading-title elementor-size-default\"><a href=\"tel:(123)%204567%2045%2089\">+52 221 655 9476<\/a><\/h4>\t\t\t\t<\/div>\n\t\t\t\t<\/div>\n\t\t\t\t<div class=\"elementor-element elementor-element-5f9ca113 elementor-align-center elementor-widget elementor-widget-button\" data-id=\"5f9ca113\" data-element_type=\"widget\" data-widget_type=\"button.default\">\n\t\t\t\t<div class=\"elementor-widget-container\">\n\t\t\t\t\t\t\t\t\t<div class=\"elementor-button-wrapper\">\n\t\t\t\t\t<a class=\"elementor-button elementor-button-link elementor-size-sm\" href=\"http:\/\/www.grupogiron.com.mx\/www.grupogiron.com.mx\/contacto\/\">\n\t\t\t\t\t\t<span class=\"elementor-button-content-wrapper\">\n\t\t\t\t\t\t\t\t\t<span class=\"elementor-button-text\">Consulta gratis<\/span>\n\t\t\t\t\t<\/span>\n\t\t\t\t\t<\/a>\n\t\t\t\t<\/div>\n\t\t\t\t\t\t\t\t<\/div>\n\t\t\t\t<\/div>\n\t\t\t\t\t<\/div>\n\t\t<\/div>\n\t\t\t\t\t<\/div>\n\t\t<\/section>\n\t\t\t\t<\/div>\n\t\t","protected":false},"excerpt":{"rendered":"<p>Servicios Servicios que est\u00e1n a tu disposici\u00f3n M\u00e1s que asesoramiento legal Fiscal Ofrecemos asesor\u00eda integral y representaci\u00f3n en asuntos tributarios, asegurando el cumplimiento de obligaciones fiscales y optimizaci\u00f3n de recursos. Laboral Brindamos soluciones legales para empleadores y empleados, incluyendo contratos, conflictos laborales y cumplimiento de normativas. Contratos Redactamos, revisamos y negociamos todo tipo de contratos, [&hellip;]<\/p>\n","protected":false},"author":1,"featured_media":0,"parent":0,"menu_order":0,"comment_status":"closed","ping_status":"closed","template":"","meta":{"footnotes":""},"_links":{"self":[{"href":"http:\/\/www.grupogiron.com.mx\/www.grupogiron.com.mx\/wp-json\/wp\/v2\/pages\/66"}],"collection":[{"href":"http:\/\/www.grupogiron.com.mx\/www.grupogiron.com.mx\/wp-json\/wp\/v2\/pages"}],"about":[{"href":"http:\/\/www.grupogiron.com.mx\/www.grupogiron.com.mx\/wp-json\/wp\/v2\/types\/page"}],"author":[{"embeddable":true,"href":"http:\/\/www.grupogiron.com.mx\/www.grupogiron.com.mx\/wp-json\/wp\/v2\/users\/1"}],"replies":[{"embeddable":true,"href":"http:\/\/www.grupogiron.com.mx\/www.grupogiron.com.mx\/wp-json\/wp\/v2\/comments?post=66"}],"version-history":[{"count":34,"href":"http:\/\/www.grupogiron.com.mx\/www.grupogiron.com.mx\/wp-json\/wp\/v2\/pages\/66\/revisions"}],"predecessor-version":[{"id":595,"href":"http:\/\/www.grupogiron.com.mx\/www.grupogiron.com.mx\/wp-json\/wp\/v2\/pages\/66\/revisions\/595"}],"wp:attachment":[{"href":"http:\/\/www.grupogiron.com.mx\/www.grupogiron.com.mx\/wp-json\/wp\/v2\/media?parent=66"}],"curies":[{"name":"wp","href":"https:\/\/api.w.org\/{rel}","templated":true}]}}